{"id":296,"date":"2024-10-30T12:24:34","date_gmt":"2024-10-30T11:24:34","guid":{"rendered":"https:\/\/kafe-in.fr\/?page_id=296"},"modified":"2024-10-30T12:24:43","modified_gmt":"2024-10-30T11:24:43","slug":"formulaire-checklist-strategie-de-communciation","status":"publish","type":"page","link":"https:\/\/kafe-in.fr\/index.php\/formulaire-checklist-strategie-de-communciation\/","title":{"rendered":"Formulaire checklist strat\u00e9gie de communication"},"content":{"rendered":"\n<!-- Begin Brevo Form -->\n<!-- START - We recommend to place the below code in head tag of your website html  -->\n<style>\n  @font-face {\n    font-display: block;\n    font-family: Roboto;\n    src: url(https:\/\/assets.brevo.com\/font\/Roboto\/Latin\/normal\/normal\/7529907e9eaf8ebb5220c5f9850e3811.woff2) format(\"woff2\"), url(https:\/\/assets.brevo.com\/font\/Roboto\/Latin\/normal\/normal\/25c678feafdc175a70922a116c9be3e7.woff) format(\"woff\")\n  }\n\n  @font-face {\n    font-display: fallback;\n    font-family: Roboto;\n    font-weight: 600;\n    src: url(https:\/\/assets.brevo.com\/font\/Roboto\/Latin\/medium\/normal\/6e9caeeafb1f3491be3e32744bc30440.woff2) format(\"woff2\"), url(https:\/\/assets.brevo.com\/font\/Roboto\/Latin\/medium\/normal\/71501f0d8d5aa95960f6475d5487d4c2.woff) format(\"woff\")\n  }\n\n  @font-face {\n    font-display: fallback;\n    font-family: Roboto;\n    font-weight: 700;\n    src: url(https:\/\/assets.brevo.com\/font\/Roboto\/Latin\/bold\/normal\/3ef7cf158f310cf752d5ad08cd0e7e60.woff2) format(\"woff2\"), url(https:\/\/assets.brevo.com\/font\/Roboto\/Latin\/bold\/normal\/ece3a1d82f18b60bcce0211725c476aa.woff) format(\"woff\")\n  }\n\n  #sib-container input:-ms-input-placeholder {\n    text-align: left;\n    font-family: Helvetica, sans-serif;\n    color: #c0ccda;\n  }\n\n  #sib-container input::placeholder {\n    text-align: left;\n    font-family: Helvetica, sans-serif;\n    color: #c0ccda;\n  }\n\n  #sib-container textarea::placeholder {\n    text-align: left;\n    font-family: Helvetica, sans-serif;\n    color: #c0ccda;\n  }\n\n  #sib-container a {\n    text-decoration: underline;\n    color: #0e0e0f;\n  }\n<\/style>\n<link rel=\"stylesheet\" href=\"https:\/\/sibforms.com\/forms\/end-form\/build\/sib-styles.css\">\n<!--  END - We recommend to place the above code in head tag of your website html -->\n\n<!-- START - We recommend to place the below code where you want the form in your website html  -->\n<div class=\"sib-form\" style=\"text-align: center;\n         background-color: #ffffff;                                 \">\n  <div id=\"sib-form-container\" class=\"sib-form-container\">\n    <div id=\"error-message\" class=\"sib-form-message-panel\" style=\"font-size:16px; text-align:left; font-family:Helvetica, sans-serif; color:#661d1d; background-color:#ffeded; border-radius:3px; border-color:#ff4949;max-width:540px;\">\n      <div class=\"sib-form-message-panel__text sib-form-message-panel__text--center\">\n        <svg viewBox=\"0 0 512 512\" class=\"sib-icon sib-notification__icon\">\n          <path d=\"M256 40c118.621 0 216 96.075 216 216 0 119.291-96.61 216-216 216-119.244 0-216-96.562-216-216 0-119.203 96.602-216 216-216m0-32C119.043 8 8 119.083 8 256c0 136.997 111.043 248 248 248s248-111.003 248-248C504 119.083 392.957 8 256 8zm-11.49 120h22.979c6.823 0 12.274 5.682 11.99 12.5l-7 168c-.268 6.428-5.556 11.5-11.99 11.5h-8.979c-6.433 0-11.722-5.073-11.99-11.5l-7-168c-.283-6.818 5.167-12.5 11.99-12.5zM256 340c-15.464 0-28 12.536-28 28s12.536 28 28 28 28-12.536 28-28-12.536-28-28-28z\" \/>\n        <\/svg>\n        <span class=\"sib-form-message-panel__inner-text\">\n                          Nous n&#039;avons pas pu confirmer votre inscription.\n                      <\/span>\n      <\/div>\n    <\/div>\n    <div><\/div>\n    <div id=\"success-message\" class=\"sib-form-message-panel\" style=\"font-size:16px; text-align:left; font-family:Helvetica, sans-serif; color:#085229; background-color:#e7faf0; border-radius:3px; border-color:#13ce66;max-width:540px;\">\n      <div class=\"sib-form-message-panel__text sib-form-message-panel__text--center\">\n        <svg viewBox=\"0 0 512 512\" class=\"sib-icon sib-notification__icon\">\n          <path d=\"M256 8C119.033 8 8 119.033 8 256s111.033 248 248 248 248-111.033 248-248S392.967 8 256 8zm0 464c-118.664 0-216-96.055-216-216 0-118.663 96.055-216 216-216 118.664 0 216 96.055 216 216 0 118.663-96.055 216-216 216zm141.63-274.961L217.15 376.071c-4.705 4.667-12.303 4.637-16.97-.068l-85.878-86.572c-4.667-4.705-4.637-12.303.068-16.97l8.52-8.451c4.705-4.667 12.303-4.637 16.97.068l68.976 69.533 163.441-162.13c4.705-4.667 12.303-4.637 16.97.068l8.451 8.52c4.668 4.705 4.637 12.303-.068 16.97z\" \/>\n        <\/svg>\n        <span class=\"sib-form-message-panel__inner-text\">\n                          Votre inscription est confirm\u00e9e.\n                      <\/span>\n      <\/div>\n    <\/div>\n    <div><\/div>\n    <div id=\"sib-container\" class=\"sib-container--large sib-container--vertical\" style=\"text-align:center; background-color:rgba(255,255,255,1); max-width:540px; border-radius:3px; border-width:1px; border-color:#C0CCD9; border-style:solid; direction:ltr\">\n      <form id=\"sib-form\" method=\"POST\" action=\"https:\/\/1be89b81.sibforms.com\/serve\/MUIFAIYUFbkBcPrRArfxQw8j-8EEefRcQZpIwGwdjowKFZ0zDjB8XEylTwX6PkhTXMggFR_McfSKlp3BGfMd0OXHYzlGjTP-WcPAqU-IMD2T3RiOv36tPEG8j1kIiK0v9BkyjQ5g7PlR85AkszQ_qNAdVeOoQq-jQ-2CSOa1WxwG_06xBqt0y-1biSFAy0YTO-2bl3QdcQNr3J4D\" data-type=\"subscription\">\n        <div style=\"padding: 8px 0;\">\n          <div class=\"sib-form-block\" style=\"font-size:32px; text-align:center; font-weight:700; font-family:Helvetica, sans-serif; color:#35cbab; background-color:transparent; text-align:center\">\n            <p>Recevoir la checklist gratuite<\/p>\n          <\/div>\n        <\/div>\n        <div style=\"padding: 8px 0;\">\n          <div class=\"sib-form-block\" style=\"font-size:18px; text-align:center; font-weight:700; font-family:Helvetica, sans-serif; color:#35cbab; background-color:transparent; text-align:center\">\n            <div class=\"sib-text-form-block\">\n              <p>Structurer ma <strong>strat\u00e9gie de communication<\/strong><\/p>\n            <\/div>\n          <\/div>\n        <\/div>\n        <div style=\"padding: 8px 0;\">\n          <div class=\"sib-input sib-form-block\">\n            <div class=\"form__entry entry_block\">\n              <div class=\"form__label-row \">\n                <label class=\"entry__label\" style=\"font-weight: 700; text-align:center; font-size:16px; text-align:center; font-weight:700; font-family:Helvetica, sans-serif; color:#3c4858;\" for=\"EMAIL\" data-required=\"*\">Renseignez votre adresse email pour recevoir la checklist<\/label>\n\n                <div class=\"entry__field\">\n                  <input class=\"input \" type=\"text\" id=\"EMAIL\" name=\"EMAIL\" autocomplete=\"off\" placeholder=\"EMAIL\" data-required=\"true\" required \/>\n                <\/div>\n              <\/div>\n\n              <label class=\"entry__error entry__error--primary\" style=\"font-size:16px; text-align:left; font-family:Helvetica, sans-serif; color:#661d1d; background-color:#ffeded; border-radius:3px; border-color:#ff4949;\">\n              <\/label>\n            <\/div>\n          <\/div>\n        <\/div>\n        <div style=\"padding: 8px 0;\">\n          <div class=\"sib-optin sib-form-block\" data-required=\"true\">\n            <div class=\"form__entry entry_mcq\">\n              <div class=\"form__label-row \">\n                <div class=\"entry__choice\" style=\"\">\n                  <label>\n                    <input type=\"checkbox\" class=\"input_replaced\" value=\"1\" id=\"OPT_IN\" name=\"OPT_IN\" required \/>\n                    <span class=\"checkbox checkbox_tick_positive\"\n            style=\"margin-left:\"\n            ><\/span><span style=\"font-size:11px; text-align:left; font-family:Helvetica, sans-serif; color:#3C4858; background-color:transparent;\"><p>J\u2019ai pris connaissance de la politique de confidentialit\u00e9 et j'autorise Kaf\u00e9IN \u00e0 m'envoyer des informations.<\/p><span data-required=\"*\" style=\"display: inline;\" class=\"entry__label entry__label_optin\"><\/span><\/span> <\/label>\n                <\/div>\n              <\/div>\n              <label class=\"entry__error entry__error--primary\" style=\"font-size:16px; text-align:left; font-family:Helvetica, sans-serif; color:#661d1d; background-color:#ffeded; border-radius:3px; border-color:#ff4949;\">\n              <\/label>\n              <label class=\"entry__specification\" style=\"font-size:12px; text-align:left; font-family:Helvetica, sans-serif; color:#8390A4; text-align:left\">\n                Vous pouvez vous d\u00e9sinscrire \u00e0 tout moment en cliquant sur le lien pr\u00e9sent dans nos emails.\n              <\/label>\n            <\/div>\n          <\/div>\n        <\/div>\n        <div style=\"padding: 8px 0;\">\n          <div class=\"sib-form-block\" style=\"text-align: center\">\n            <button class=\"sib-form-block__button sib-form-block__button-with-loader\" style=\"font-size:22px; text-align:center; font-weight:700; font-family:Helvetica, sans-serif; color:#FFFFFF; background-color:#35cbab; border-radius:3px; border-width:0px;\" form=\"sib-form\" type=\"submit\">\n              <svg class=\"icon clickable__icon progress-indicator__icon sib-hide-loader-icon\" viewBox=\"0 0 512 512\">\n                <path d=\"M460.116 373.846l-20.823-12.022c-5.541-3.199-7.54-10.159-4.663-15.874 30.137-59.886 28.343-131.652-5.386-189.946-33.641-58.394-94.896-95.833-161.827-99.676C261.028 55.961 256 50.751 256 44.352V20.309c0-6.904 5.808-12.337 12.703-11.982 83.556 4.306 160.163 50.864 202.11 123.677 42.063 72.696 44.079 162.316 6.031 236.832-3.14 6.148-10.75 8.461-16.728 5.01z\" \/>\n              <\/svg>\n              T\u00e9l\u00e9charger\n            <\/button>\n          <\/div>\n        <\/div>\n\n        <input type=\"text\" name=\"email_address_check\" value=\"\" class=\"input--hidden\">\n        <input type=\"hidden\" name=\"locale\" value=\"fr\">\n      <\/form>\n    <\/div>\n  <\/div>\n<\/div>\n<!-- END - We recommend to place the above code where you want the form in your website html  -->\n\n<!-- START - We recommend to place the below code in footer or bottom of your website html  -->\n<script>\n  window.REQUIRED_CODE_ERROR_MESSAGE = 'Veuillez choisir un code pays';\n  window.LOCALE = 'fr';\n  window.EMAIL_INVALID_MESSAGE = window.SMS_INVALID_MESSAGE = \"Les informations que vous avez fournies ne sont pas valides. Veuillez v\u00e9rifier le format du champ et r\u00e9essayer.\";\n\n  window.REQUIRED_ERROR_MESSAGE = \"Vous devez renseigner ce champ. \";\n\n  window.GENERIC_INVALID_MESSAGE = \"Les informations que vous avez fournies ne sont pas valides. Veuillez v\u00e9rifier le format du champ et r\u00e9essayer.\";\n\n\n\n\n  window.translation = {\n    common: {\n      selectedList: '{quantity} liste s\u00e9lectionn\u00e9e',\n      selectedLists: '{quantity} listes s\u00e9lectionn\u00e9es'\n    }\n  };\n\n  var AUTOHIDE = Boolean(0);\n<\/script>\n\n<script defer src=\"https:\/\/sibforms.com\/forms\/end-form\/build\/main.js\"><\/script>\n\n\n<!-- END - We recommend to place the above code in footer or bottom of your website html  -->\n<!-- End Brevo Form -->\n","protected":false},"excerpt":{"rendered":"<p>Nous n&#039;avons pas pu confirmer votre inscription. Votre inscription est confirm\u00e9e. Recevoir la checklist gratuite Structurer ma strat\u00e9gie de communication Renseignez votre adresse email pour recevoir la checklist J\u2019ai pris connaissance de la politique de confidentialit\u00e9 et j'autorise Kaf\u00e9IN \u00e0 m'envoyer des informations. Vous pouvez vous d\u00e9sinscrire \u00e0 tout moment en cliquant sur le lien [&hellip;]<\/p>\n","protected":false},"author":1,"featured_media":0,"parent":0,"menu_order":0,"comment_status":"closed","ping_status":"closed","template":"","meta":{"inline_featured_image":false,"footnotes":""},"class_list":["post-296","page","type-page","status-publish","hentry"],"yoast_head":"<!-- This site is optimized with the Yoast SEO plugin v27.5 - https:\/\/yoast.com\/product\/yoast-seo-wordpress\/ -->\n<title>Formulaire checklist strat\u00e9gie de communication -<\/title>\n<meta name=\"robots\" content=\"index, follow, max-snippet:-1, max-image-preview:large, max-video-preview:-1\" \/>\n<link rel=\"canonical\" href=\"https:\/\/kafe-in.fr\/index.php\/formulaire-checklist-strategie-de-communciation\/\" \/>\n<meta property=\"og:locale\" content=\"fr_FR\" \/>\n<meta property=\"og:type\" content=\"article\" \/>\n<meta property=\"og:title\" content=\"Formulaire checklist strat\u00e9gie de communication -\" \/>\n<meta property=\"og:description\" content=\"Nous n&#039;avons pas pu confirmer votre inscription. Votre inscription est confirm\u00e9e. Recevoir la checklist gratuite Structurer ma strat\u00e9gie de communication Renseignez votre adresse email pour recevoir la checklist J\u2019ai pris connaissance de la politique de confidentialit\u00e9 et j&#039;autorise Kaf\u00e9IN \u00e0 m&#039;envoyer des informations. Vous pouvez vous d\u00e9sinscrire \u00e0 tout moment en cliquant sur le lien [&hellip;]\" \/>\n<meta property=\"og:url\" content=\"https:\/\/kafe-in.fr\/index.php\/formulaire-checklist-strategie-de-communciation\/\" \/>\n<meta property=\"article:publisher\" content=\"https:\/\/www.facebook.com\/KafeINCommunication\" \/>\n<meta property=\"article:modified_time\" content=\"2024-10-30T11:24:43+00:00\" \/>\n<meta name=\"twitter:card\" content=\"summary_large_image\" \/>\n<script type=\"application\/ld+json\" class=\"yoast-schema-graph\">{\"@context\":\"https:\\\/\\\/schema.org\",\"@graph\":[{\"@type\":\"WebPage\",\"@id\":\"https:\\\/\\\/kafe-in.fr\\\/index.php\\\/formulaire-checklist-strategie-de-communciation\\\/\",\"url\":\"https:\\\/\\\/kafe-in.fr\\\/index.php\\\/formulaire-checklist-strategie-de-communciation\\\/\",\"name\":\"Formulaire checklist strat\u00e9gie de communication -\",\"isPartOf\":{\"@id\":\"https:\\\/\\\/kafe-in.fr\\\/#website\"},\"datePublished\":\"2024-10-30T11:24:34+00:00\",\"dateModified\":\"2024-10-30T11:24:43+00:00\",\"breadcrumb\":{\"@id\":\"https:\\\/\\\/kafe-in.fr\\\/index.php\\\/formulaire-checklist-strategie-de-communciation\\\/#breadcrumb\"},\"inLanguage\":\"fr-FR\",\"potentialAction\":[{\"@type\":\"ReadAction\",\"target\":[\"https:\\\/\\\/kafe-in.fr\\\/index.php\\\/formulaire-checklist-strategie-de-communciation\\\/\"]}]},{\"@type\":\"BreadcrumbList\",\"@id\":\"https:\\\/\\\/kafe-in.fr\\\/index.php\\\/formulaire-checklist-strategie-de-communciation\\\/#breadcrumb\",\"itemListElement\":[{\"@type\":\"ListItem\",\"position\":1,\"name\":\"Accueil\",\"item\":\"https:\\\/\\\/kafe-in.fr\\\/\"},{\"@type\":\"ListItem\",\"position\":2,\"name\":\"Formulaire checklist strat\u00e9gie de communication\"}]},{\"@type\":\"WebSite\",\"@id\":\"https:\\\/\\\/kafe-in.fr\\\/#website\",\"url\":\"https:\\\/\\\/kafe-in.fr\\\/\",\"name\":\"Kaf\u00e9IN l'agence qui vous aime\",\"description\":\"L&#039;agence inspir\u00e9e qui vous aime\",\"publisher\":{\"@id\":\"https:\\\/\\\/kafe-in.fr\\\/#organization\"},\"potentialAction\":[{\"@type\":\"SearchAction\",\"target\":{\"@type\":\"EntryPoint\",\"urlTemplate\":\"https:\\\/\\\/kafe-in.fr\\\/?s={search_term_string}\"},\"query-input\":{\"@type\":\"PropertyValueSpecification\",\"valueRequired\":true,\"valueName\":\"search_term_string\"}}],\"inLanguage\":\"fr-FR\"},{\"@type\":\"Organization\",\"@id\":\"https:\\\/\\\/kafe-in.fr\\\/#organization\",\"name\":\"Kaf\u00e9IN Conseil et strat\u00e9gie\",\"url\":\"https:\\\/\\\/kafe-in.fr\\\/\",\"logo\":{\"@type\":\"ImageObject\",\"inLanguage\":\"fr-FR\",\"@id\":\"https:\\\/\\\/kafe-in.fr\\\/#\\\/schema\\\/logo\\\/image\\\/\",\"url\":\"https:\\\/\\\/kafe-in.fr\\\/wp-content\\\/uploads\\\/2024\\\/07\\\/Logo-03-22.png\",\"contentUrl\":\"https:\\\/\\\/kafe-in.fr\\\/wp-content\\\/uploads\\\/2024\\\/07\\\/Logo-03-22.png\",\"width\":1156,\"height\":407,\"caption\":\"Kaf\u00e9IN Conseil et strat\u00e9gie\"},\"image\":{\"@id\":\"https:\\\/\\\/kafe-in.fr\\\/#\\\/schema\\\/logo\\\/image\\\/\"},\"sameAs\":[\"https:\\\/\\\/www.facebook.com\\\/KafeINCommunication\",\"https:\\\/\\\/www.linkedin.com\\\/company\\\/kafin-communication\\\/?viewAsMember=true\"]}]}<\/script>\n<!-- \/ Yoast SEO plugin. -->","yoast_head_json":{"title":"Formulaire checklist strat\u00e9gie de communication -","robots":{"index":"index","follow":"follow","max-snippet":"max-snippet:-1","max-image-preview":"max-image-preview:large","max-video-preview":"max-video-preview:-1"},"canonical":"https:\/\/kafe-in.fr\/index.php\/formulaire-checklist-strategie-de-communciation\/","og_locale":"fr_FR","og_type":"article","og_title":"Formulaire checklist strat\u00e9gie de communication -","og_description":"Nous n&#039;avons pas pu confirmer votre inscription. Votre inscription est confirm\u00e9e. Recevoir la checklist gratuite Structurer ma strat\u00e9gie de communication Renseignez votre adresse email pour recevoir la checklist J\u2019ai pris connaissance de la politique de confidentialit\u00e9 et j'autorise Kaf\u00e9IN \u00e0 m'envoyer des informations. Vous pouvez vous d\u00e9sinscrire \u00e0 tout moment en cliquant sur le lien [&hellip;]","og_url":"https:\/\/kafe-in.fr\/index.php\/formulaire-checklist-strategie-de-communciation\/","article_publisher":"https:\/\/www.facebook.com\/KafeINCommunication","article_modified_time":"2024-10-30T11:24:43+00:00","twitter_card":"summary_large_image","schema":{"@context":"https:\/\/schema.org","@graph":[{"@type":"WebPage","@id":"https:\/\/kafe-in.fr\/index.php\/formulaire-checklist-strategie-de-communciation\/","url":"https:\/\/kafe-in.fr\/index.php\/formulaire-checklist-strategie-de-communciation\/","name":"Formulaire checklist strat\u00e9gie de communication -","isPartOf":{"@id":"https:\/\/kafe-in.fr\/#website"},"datePublished":"2024-10-30T11:24:34+00:00","dateModified":"2024-10-30T11:24:43+00:00","breadcrumb":{"@id":"https:\/\/kafe-in.fr\/index.php\/formulaire-checklist-strategie-de-communciation\/#breadcrumb"},"inLanguage":"fr-FR","potentialAction":[{"@type":"ReadAction","target":["https:\/\/kafe-in.fr\/index.php\/formulaire-checklist-strategie-de-communciation\/"]}]},{"@type":"BreadcrumbList","@id":"https:\/\/kafe-in.fr\/index.php\/formulaire-checklist-strategie-de-communciation\/#breadcrumb","itemListElement":[{"@type":"ListItem","position":1,"name":"Accueil","item":"https:\/\/kafe-in.fr\/"},{"@type":"ListItem","position":2,"name":"Formulaire checklist strat\u00e9gie de communication"}]},{"@type":"WebSite","@id":"https:\/\/kafe-in.fr\/#website","url":"https:\/\/kafe-in.fr\/","name":"Kaf\u00e9IN l'agence qui vous aime","description":"L&#039;agence inspir\u00e9e qui vous aime","publisher":{"@id":"https:\/\/kafe-in.fr\/#organization"},"potentialAction":[{"@type":"SearchAction","target":{"@type":"EntryPoint","urlTemplate":"https:\/\/kafe-in.fr\/?s={search_term_string}"},"query-input":{"@type":"PropertyValueSpecification","valueRequired":true,"valueName":"search_term_string"}}],"inLanguage":"fr-FR"},{"@type":"Organization","@id":"https:\/\/kafe-in.fr\/#organization","name":"Kaf\u00e9IN Conseil et strat\u00e9gie","url":"https:\/\/kafe-in.fr\/","logo":{"@type":"ImageObject","inLanguage":"fr-FR","@id":"https:\/\/kafe-in.fr\/#\/schema\/logo\/image\/","url":"https:\/\/kafe-in.fr\/wp-content\/uploads\/2024\/07\/Logo-03-22.png","contentUrl":"https:\/\/kafe-in.fr\/wp-content\/uploads\/2024\/07\/Logo-03-22.png","width":1156,"height":407,"caption":"Kaf\u00e9IN Conseil et strat\u00e9gie"},"image":{"@id":"https:\/\/kafe-in.fr\/#\/schema\/logo\/image\/"},"sameAs":["https:\/\/www.facebook.com\/KafeINCommunication","https:\/\/www.linkedin.com\/company\/kafin-communication\/?viewAsMember=true"]}]}},"_links":{"self":[{"href":"https:\/\/kafe-in.fr\/index.php\/wp-json\/wp\/v2\/pages\/296","targetHints":{"allow":["GET"]}}],"collection":[{"href":"https:\/\/kafe-in.fr\/index.php\/wp-json\/wp\/v2\/pages"}],"about":[{"href":"https:\/\/kafe-in.fr\/index.php\/wp-json\/wp\/v2\/types\/page"}],"author":[{"embeddable":true,"href":"https:\/\/kafe-in.fr\/index.php\/wp-json\/wp\/v2\/users\/1"}],"replies":[{"embeddable":true,"href":"https:\/\/kafe-in.fr\/index.php\/wp-json\/wp\/v2\/comments?post=296"}],"version-history":[{"count":2,"href":"https:\/\/kafe-in.fr\/index.php\/wp-json\/wp\/v2\/pages\/296\/revisions"}],"predecessor-version":[{"id":299,"href":"https:\/\/kafe-in.fr\/index.php\/wp-json\/wp\/v2\/pages\/296\/revisions\/299"}],"wp:attachment":[{"href":"https:\/\/kafe-in.fr\/index.php\/wp-json\/wp\/v2\/media?parent=296"}],"curies":[{"name":"wp","href":"https:\/\/api.w.org\/{rel}","templated":true}]}}