{"id":408,"date":"2024-11-20T10:32:36","date_gmt":"2024-11-20T09:32:36","guid":{"rendered":"https:\/\/kafe-in.fr\/?page_id=408"},"modified":"2024-11-21T11:19:49","modified_gmt":"2024-11-21T10:19:49","slug":"conseil-et-strategie-marketing","status":"publish","type":"page","link":"https:\/\/kafe-in.fr\/index.php\/conseil-et-strategie-marketing\/","title":{"rendered":"Conseil et strat\u00e9gie marketing"},"content":{"rendered":"\n<p class=\"has-text-align-center\" style=\"font-size:65px\"><strong>Une approche disruptive et engag\u00e9e, au service de votre raison d\u2019\u00eatre<\/strong><\/p>\n\n\n\n<p class=\"has-text-align-center has-large-font-size\"><br>Chez Kaf\u00e9IN, notre p\u00f4le Conseil &amp; Strat\u00e9gie marketing est d\u00e9di\u00e9 \u00e0 l\u2019\u00e9laboration de strat\u00e9gies qui transcendent le simple marketing. Nous croyons qu\u2019une marque forte repose sur une&nbsp;<strong>raison d\u2019\u00eatre authentique<\/strong>, capable de f\u00e9d\u00e9rer en interne et de captiver en externe. Notre mission est de vous accompagner pour&nbsp;<strong><em>d\u00e9finir,&nbsp;structurer&nbsp;et&nbsp;optimiser<\/em><\/strong>&nbsp;chaque \u00e9tape de votre strat\u00e9gie, en s\u2019appuyant sur une vision claire et un positionnement align\u00e9 avec les valeurs profondes de votre entreprise.<\/p>\n\n\n<div class=\"wp-block-image\">\n<figure class=\"aligncenter size-large is-resized\"><img loading=\"lazy\" decoding=\"async\" width=\"925\" height=\"1024\" data-src=\"http:\/\/kafe-in.fr\/wp-content\/uploads\/2024\/08\/alexis-fauvet-Ne5SFwlUEGw-unsplash-925x1024.jpg\" alt=\"\" class=\"wp-image-152 lazyload\" style=\"--smush-placeholder-width: 925px; --smush-placeholder-aspect-ratio: 925\/1024;width:344px;height:auto\" data-srcset=\"https:\/\/kafe-in.fr\/wp-content\/uploads\/2024\/08\/alexis-fauvet-Ne5SFwlUEGw-unsplash-925x1024.jpg 925w, https:\/\/kafe-in.fr\/wp-content\/uploads\/2024\/08\/alexis-fauvet-Ne5SFwlUEGw-unsplash-271x300.jpg 271w, https:\/\/kafe-in.fr\/wp-content\/uploads\/2024\/08\/alexis-fauvet-Ne5SFwlUEGw-unsplash-768x850.jpg 768w, https:\/\/kafe-in.fr\/wp-content\/uploads\/2024\/08\/alexis-fauvet-Ne5SFwlUEGw-unsplash-1387x1536.jpg 1387w, https:\/\/kafe-in.fr\/wp-content\/uploads\/2024\/08\/alexis-fauvet-Ne5SFwlUEGw-unsplash-1850x2048.jpg 1850w, https:\/\/kafe-in.fr\/wp-content\/uploads\/2024\/08\/alexis-fauvet-Ne5SFwlUEGw-unsplash-scaled.jpg 2312w\" data-sizes=\"auto, (max-width: 925px) 100vw, 925px\" src=\"data:image\/gif;base64,R0lGODlhAQABAAAAACH5BAEKAAEALAAAAAABAAEAAAICTAEAOw==\" \/><noscript><img loading=\"lazy\" decoding=\"async\" width=\"925\" height=\"1024\" src=\"http:\/\/kafe-in.fr\/wp-content\/uploads\/2024\/08\/alexis-fauvet-Ne5SFwlUEGw-unsplash-925x1024.jpg\" alt=\"\" class=\"wp-image-152\" style=\"width:344px;height:auto\" srcset=\"https:\/\/kafe-in.fr\/wp-content\/uploads\/2024\/08\/alexis-fauvet-Ne5SFwlUEGw-unsplash-925x1024.jpg 925w, https:\/\/kafe-in.fr\/wp-content\/uploads\/2024\/08\/alexis-fauvet-Ne5SFwlUEGw-unsplash-271x300.jpg 271w, https:\/\/kafe-in.fr\/wp-content\/uploads\/2024\/08\/alexis-fauvet-Ne5SFwlUEGw-unsplash-768x850.jpg 768w, https:\/\/kafe-in.fr\/wp-content\/uploads\/2024\/08\/alexis-fauvet-Ne5SFwlUEGw-unsplash-1387x1536.jpg 1387w, https:\/\/kafe-in.fr\/wp-content\/uploads\/2024\/08\/alexis-fauvet-Ne5SFwlUEGw-unsplash-1850x2048.jpg 1850w, https:\/\/kafe-in.fr\/wp-content\/uploads\/2024\/08\/alexis-fauvet-Ne5SFwlUEGw-unsplash-scaled.jpg 2312w\" sizes=\"auto, (max-width: 925px) 100vw, 925px\" \/><\/noscript><\/figure>\n<\/div>\n\n\n<div style=\"height:84px\" aria-hidden=\"true\" class=\"wp-block-spacer\"><\/div>\n\n\n\n<h2 class=\"wp-block-heading\" style=\"font-size:50px\"><strong><strong>Une expertise strat\u00e9gique sur-mesure<\/strong><\/strong><\/h2>\n\n\n\n<p class=\"has-large-font-size\">Chez Kaf\u00e9IN, nous analysons minutieusement votre march\u00e9 et vos objectifs pour concevoir des strat\u00e9gies uniques et adapt\u00e9es. Chaque projet b\u00e9n\u00e9ficie d\u2019une approche personnalis\u00e9e, pens\u00e9e pour maximiser son impact tout en r\u00e9pondant pr\u00e9cis\u00e9ment \u00e0 vos besoins.<\/p>\n\n\n\n<div style=\"height:56px\" aria-hidden=\"true\" class=\"wp-block-spacer\"><\/div>\n\n\n\n<h2 class=\"wp-block-heading\" style=\"font-size:50px\"><strong>Un positionnement diff\u00e9renciant sur votre march\u00e9<\/strong><\/h2>\n\n\n\n<p class=\"has-large-font-size\">Nous vous aidons \u00e0 d\u00e9finir un positionnement clair et impactant, en phase avec les attentes de vos clients et les \u00e9volutions de votre secteur. Gr\u00e2ce \u00e0 une analyse de votre march\u00e9 et de vos concurrents, nous cr\u00e9ons des strat\u00e9gies qui vous permettent de sortir du lot et de capter l\u2019attention de vos publics cl\u00e9s.<\/p>\n\n\n\n<div style=\"height:59px\" aria-hidden=\"true\" class=\"wp-block-spacer\"><\/div>\n\n\n\n<h2 class=\"wp-block-heading\" style=\"font-size:50px\"><strong>Une connaissance fine de vos publics cibles<\/strong><\/h2>\n\n\n\n<p class=\"has-large-font-size\">Identifier, comprendre et segmenter vos audiences est une priorit\u00e9. Nous \u00e9laborons des personas pr\u00e9cis pour vous permettre de communiquer efficacement avec chaque segment, en adaptant vos messages et vos canaux \u00e0 leurs attentes et comportements. R\u00e9sultat : des campagnes pertinentes et engageantes.<\/p>\n\n\n\n<h2 class=\"wp-block-heading\" style=\"font-size:50px\"><strong>Des solutions ancr\u00e9es dans vos valeurs<\/strong><\/h2>\n\n\n\n<p class=\"has-large-font-size\">Nous interrogeons et int\u00e9grons votre vision, mission et valeurs pour \u00e9laborer des strat\u00e9gies align\u00e9es sur l\u2019ADN de votre organisation. En valorisant votre identit\u00e9, nous transformons vos projets en exp\u00e9riences significatives et diff\u00e9renciantes.<\/p>\n\n\n\n<p><\/p>\n","protected":false},"excerpt":{"rendered":"<p>Une approche disruptive et engag\u00e9e, au service de votre raison d\u2019\u00eatre Chez Kaf\u00e9IN, notre p\u00f4le Conseil &amp; Strat\u00e9gie marketing est d\u00e9di\u00e9 \u00e0 l\u2019\u00e9laboration de strat\u00e9gies qui transcendent le simple marketing. Nous croyons qu\u2019une marque forte repose sur une&nbsp;raison d\u2019\u00eatre authentique, capable de f\u00e9d\u00e9rer en interne et de captiver en externe. Notre mission est de vous [&hellip;]<\/p>\n","protected":false},"author":1,"featured_media":0,"parent":0,"menu_order":0,"comment_status":"closed","ping_status":"closed","template":"","meta":{"inline_featured_image":false,"footnotes":""},"class_list":["post-408","page","type-page","status-publish","hentry"],"yoast_head":"<!-- This site is optimized with the Yoast SEO plugin v27.5 - https:\/\/yoast.com\/product\/yoast-seo-wordpress\/ -->\n<title>Conseil et strat\u00e9gie marketing -<\/title>\n<meta name=\"robots\" content=\"index, follow, max-snippet:-1, max-image-preview:large, max-video-preview:-1\" \/>\n<link rel=\"canonical\" href=\"https:\/\/kafe-in.fr\/index.php\/conseil-et-strategie-marketing\/\" \/>\n<meta property=\"og:locale\" content=\"fr_FR\" \/>\n<meta property=\"og:type\" content=\"article\" \/>\n<meta property=\"og:title\" content=\"Conseil et strat\u00e9gie marketing -\" \/>\n<meta property=\"og:description\" content=\"Une approche disruptive et engag\u00e9e, au service de votre raison d\u2019\u00eatre Chez Kaf\u00e9IN, notre p\u00f4le Conseil &amp; Strat\u00e9gie marketing est d\u00e9di\u00e9 \u00e0 l\u2019\u00e9laboration de strat\u00e9gies qui transcendent le simple marketing. Nous croyons qu\u2019une marque forte repose sur une&nbsp;raison d\u2019\u00eatre authentique, capable de f\u00e9d\u00e9rer en interne et de captiver en externe. Notre mission est de vous [&hellip;]\" \/>\n<meta property=\"og:url\" content=\"https:\/\/kafe-in.fr\/index.php\/conseil-et-strategie-marketing\/\" \/>\n<meta property=\"article:publisher\" content=\"https:\/\/www.facebook.com\/KafeINCommunication\" \/>\n<meta property=\"article:modified_time\" content=\"2024-11-21T10:19:49+00:00\" \/>\n<meta property=\"og:image\" content=\"http:\/\/kafe-in.fr\/wp-content\/uploads\/2024\/08\/alexis-fauvet-Ne5SFwlUEGw-unsplash-925x1024.jpg\" \/>\n<meta name=\"twitter:card\" content=\"summary_large_image\" \/>\n<meta name=\"twitter:label1\" content=\"Dur\u00e9e de lecture estim\u00e9e\" \/>\n\t<meta name=\"twitter:data1\" content=\"2 minutes\" \/>\n<script type=\"application\/ld+json\" class=\"yoast-schema-graph\">{\"@context\":\"https:\\\/\\\/schema.org\",\"@graph\":[{\"@type\":\"WebPage\",\"@id\":\"https:\\\/\\\/kafe-in.fr\\\/index.php\\\/conseil-et-strategie-marketing\\\/\",\"url\":\"https:\\\/\\\/kafe-in.fr\\\/index.php\\\/conseil-et-strategie-marketing\\\/\",\"name\":\"Conseil et strat\u00e9gie marketing -\",\"isPartOf\":{\"@id\":\"https:\\\/\\\/kafe-in.fr\\\/#website\"},\"primaryImageOfPage\":{\"@id\":\"https:\\\/\\\/kafe-in.fr\\\/index.php\\\/conseil-et-strategie-marketing\\\/#primaryimage\"},\"image\":{\"@id\":\"https:\\\/\\\/kafe-in.fr\\\/index.php\\\/conseil-et-strategie-marketing\\\/#primaryimage\"},\"thumbnailUrl\":\"http:\\\/\\\/kafe-in.fr\\\/wp-content\\\/uploads\\\/2024\\\/08\\\/alexis-fauvet-Ne5SFwlUEGw-unsplash-925x1024.jpg\",\"datePublished\":\"2024-11-20T09:32:36+00:00\",\"dateModified\":\"2024-11-21T10:19:49+00:00\",\"breadcrumb\":{\"@id\":\"https:\\\/\\\/kafe-in.fr\\\/index.php\\\/conseil-et-strategie-marketing\\\/#breadcrumb\"},\"inLanguage\":\"fr-FR\",\"potentialAction\":[{\"@type\":\"ReadAction\",\"target\":[\"https:\\\/\\\/kafe-in.fr\\\/index.php\\\/conseil-et-strategie-marketing\\\/\"]}]},{\"@type\":\"ImageObject\",\"inLanguage\":\"fr-FR\",\"@id\":\"https:\\\/\\\/kafe-in.fr\\\/index.php\\\/conseil-et-strategie-marketing\\\/#primaryimage\",\"url\":\"https:\\\/\\\/kafe-in.fr\\\/wp-content\\\/uploads\\\/2024\\\/08\\\/alexis-fauvet-Ne5SFwlUEGw-unsplash-scaled.jpg\",\"contentUrl\":\"https:\\\/\\\/kafe-in.fr\\\/wp-content\\\/uploads\\\/2024\\\/08\\\/alexis-fauvet-Ne5SFwlUEGw-unsplash-scaled.jpg\",\"width\":2312,\"height\":2560},{\"@type\":\"BreadcrumbList\",\"@id\":\"https:\\\/\\\/kafe-in.fr\\\/index.php\\\/conseil-et-strategie-marketing\\\/#breadcrumb\",\"itemListElement\":[{\"@type\":\"ListItem\",\"position\":1,\"name\":\"Accueil\",\"item\":\"https:\\\/\\\/kafe-in.fr\\\/\"},{\"@type\":\"ListItem\",\"position\":2,\"name\":\"Conseil et strat\u00e9gie marketing\"}]},{\"@type\":\"WebSite\",\"@id\":\"https:\\\/\\\/kafe-in.fr\\\/#website\",\"url\":\"https:\\\/\\\/kafe-in.fr\\\/\",\"name\":\"Kaf\u00e9IN l'agence qui vous aime\",\"description\":\"L&#039;agence inspir\u00e9e qui vous aime\",\"publisher\":{\"@id\":\"https:\\\/\\\/kafe-in.fr\\\/#organization\"},\"potentialAction\":[{\"@type\":\"SearchAction\",\"target\":{\"@type\":\"EntryPoint\",\"urlTemplate\":\"https:\\\/\\\/kafe-in.fr\\\/?s={search_term_string}\"},\"query-input\":{\"@type\":\"PropertyValueSpecification\",\"valueRequired\":true,\"valueName\":\"search_term_string\"}}],\"inLanguage\":\"fr-FR\"},{\"@type\":\"Organization\",\"@id\":\"https:\\\/\\\/kafe-in.fr\\\/#organization\",\"name\":\"Kaf\u00e9IN Conseil et strat\u00e9gie\",\"url\":\"https:\\\/\\\/kafe-in.fr\\\/\",\"logo\":{\"@type\":\"ImageObject\",\"inLanguage\":\"fr-FR\",\"@id\":\"https:\\\/\\\/kafe-in.fr\\\/#\\\/schema\\\/logo\\\/image\\\/\",\"url\":\"https:\\\/\\\/kafe-in.fr\\\/wp-content\\\/uploads\\\/2024\\\/07\\\/Logo-03-22.png\",\"contentUrl\":\"https:\\\/\\\/kafe-in.fr\\\/wp-content\\\/uploads\\\/2024\\\/07\\\/Logo-03-22.png\",\"width\":1156,\"height\":407,\"caption\":\"Kaf\u00e9IN Conseil et strat\u00e9gie\"},\"image\":{\"@id\":\"https:\\\/\\\/kafe-in.fr\\\/#\\\/schema\\\/logo\\\/image\\\/\"},\"sameAs\":[\"https:\\\/\\\/www.facebook.com\\\/KafeINCommunication\",\"https:\\\/\\\/www.linkedin.com\\\/company\\\/kafin-communication\\\/?viewAsMember=true\"]}]}<\/script>\n<!-- \/ Yoast SEO plugin. -->","yoast_head_json":{"title":"Conseil et strat\u00e9gie marketing -","robots":{"index":"index","follow":"follow","max-snippet":"max-snippet:-1","max-image-preview":"max-image-preview:large","max-video-preview":"max-video-preview:-1"},"canonical":"https:\/\/kafe-in.fr\/index.php\/conseil-et-strategie-marketing\/","og_locale":"fr_FR","og_type":"article","og_title":"Conseil et strat\u00e9gie marketing -","og_description":"Une approche disruptive et engag\u00e9e, au service de votre raison d\u2019\u00eatre Chez Kaf\u00e9IN, notre p\u00f4le Conseil &amp; Strat\u00e9gie marketing est d\u00e9di\u00e9 \u00e0 l\u2019\u00e9laboration de strat\u00e9gies qui transcendent le simple marketing. Nous croyons qu\u2019une marque forte repose sur une&nbsp;raison d\u2019\u00eatre authentique, capable de f\u00e9d\u00e9rer en interne et de captiver en externe. Notre mission est de vous [&hellip;]","og_url":"https:\/\/kafe-in.fr\/index.php\/conseil-et-strategie-marketing\/","article_publisher":"https:\/\/www.facebook.com\/KafeINCommunication","article_modified_time":"2024-11-21T10:19:49+00:00","og_image":[{"url":"http:\/\/kafe-in.fr\/wp-content\/uploads\/2024\/08\/alexis-fauvet-Ne5SFwlUEGw-unsplash-925x1024.jpg","type":"","width":"","height":""}],"twitter_card":"summary_large_image","twitter_misc":{"Dur\u00e9e de lecture estim\u00e9e":"2 minutes"},"schema":{"@context":"https:\/\/schema.org","@graph":[{"@type":"WebPage","@id":"https:\/\/kafe-in.fr\/index.php\/conseil-et-strategie-marketing\/","url":"https:\/\/kafe-in.fr\/index.php\/conseil-et-strategie-marketing\/","name":"Conseil et strat\u00e9gie marketing -","isPartOf":{"@id":"https:\/\/kafe-in.fr\/#website"},"primaryImageOfPage":{"@id":"https:\/\/kafe-in.fr\/index.php\/conseil-et-strategie-marketing\/#primaryimage"},"image":{"@id":"https:\/\/kafe-in.fr\/index.php\/conseil-et-strategie-marketing\/#primaryimage"},"thumbnailUrl":"http:\/\/kafe-in.fr\/wp-content\/uploads\/2024\/08\/alexis-fauvet-Ne5SFwlUEGw-unsplash-925x1024.jpg","datePublished":"2024-11-20T09:32:36+00:00","dateModified":"2024-11-21T10:19:49+00:00","breadcrumb":{"@id":"https:\/\/kafe-in.fr\/index.php\/conseil-et-strategie-marketing\/#breadcrumb"},"inLanguage":"fr-FR","potentialAction":[{"@type":"ReadAction","target":["https:\/\/kafe-in.fr\/index.php\/conseil-et-strategie-marketing\/"]}]},{"@type":"ImageObject","inLanguage":"fr-FR","@id":"https:\/\/kafe-in.fr\/index.php\/conseil-et-strategie-marketing\/#primaryimage","url":"https:\/\/kafe-in.fr\/wp-content\/uploads\/2024\/08\/alexis-fauvet-Ne5SFwlUEGw-unsplash-scaled.jpg","contentUrl":"https:\/\/kafe-in.fr\/wp-content\/uploads\/2024\/08\/alexis-fauvet-Ne5SFwlUEGw-unsplash-scaled.jpg","width":2312,"height":2560},{"@type":"BreadcrumbList","@id":"https:\/\/kafe-in.fr\/index.php\/conseil-et-strategie-marketing\/#breadcrumb","itemListElement":[{"@type":"ListItem","position":1,"name":"Accueil","item":"https:\/\/kafe-in.fr\/"},{"@type":"ListItem","position":2,"name":"Conseil et strat\u00e9gie marketing"}]},{"@type":"WebSite","@id":"https:\/\/kafe-in.fr\/#website","url":"https:\/\/kafe-in.fr\/","name":"Kaf\u00e9IN l'agence qui vous aime","description":"L&#039;agence inspir\u00e9e qui vous aime","publisher":{"@id":"https:\/\/kafe-in.fr\/#organization"},"potentialAction":[{"@type":"SearchAction","target":{"@type":"EntryPoint","urlTemplate":"https:\/\/kafe-in.fr\/?s={search_term_string}"},"query-input":{"@type":"PropertyValueSpecification","valueRequired":true,"valueName":"search_term_string"}}],"inLanguage":"fr-FR"},{"@type":"Organization","@id":"https:\/\/kafe-in.fr\/#organization","name":"Kaf\u00e9IN Conseil et strat\u00e9gie","url":"https:\/\/kafe-in.fr\/","logo":{"@type":"ImageObject","inLanguage":"fr-FR","@id":"https:\/\/kafe-in.fr\/#\/schema\/logo\/image\/","url":"https:\/\/kafe-in.fr\/wp-content\/uploads\/2024\/07\/Logo-03-22.png","contentUrl":"https:\/\/kafe-in.fr\/wp-content\/uploads\/2024\/07\/Logo-03-22.png","width":1156,"height":407,"caption":"Kaf\u00e9IN Conseil et strat\u00e9gie"},"image":{"@id":"https:\/\/kafe-in.fr\/#\/schema\/logo\/image\/"},"sameAs":["https:\/\/www.facebook.com\/KafeINCommunication","https:\/\/www.linkedin.com\/company\/kafin-communication\/?viewAsMember=true"]}]}},"_links":{"self":[{"href":"https:\/\/kafe-in.fr\/index.php\/wp-json\/wp\/v2\/pages\/408","targetHints":{"allow":["GET"]}}],"collection":[{"href":"https:\/\/kafe-in.fr\/index.php\/wp-json\/wp\/v2\/pages"}],"about":[{"href":"https:\/\/kafe-in.fr\/index.php\/wp-json\/wp\/v2\/types\/page"}],"author":[{"embeddable":true,"href":"https:\/\/kafe-in.fr\/index.php\/wp-json\/wp\/v2\/users\/1"}],"replies":[{"embeddable":true,"href":"https:\/\/kafe-in.fr\/index.php\/wp-json\/wp\/v2\/comments?post=408"}],"version-history":[{"count":9,"href":"https:\/\/kafe-in.fr\/index.php\/wp-json\/wp\/v2\/pages\/408\/revisions"}],"predecessor-version":[{"id":433,"href":"https:\/\/kafe-in.fr\/index.php\/wp-json\/wp\/v2\/pages\/408\/revisions\/433"}],"wp:attachment":[{"href":"https:\/\/kafe-in.fr\/index.php\/wp-json\/wp\/v2\/media?parent=408"}],"curies":[{"name":"wp","href":"https:\/\/api.w.org\/{rel}","templated":true}]}}