{"id":476,"date":"2024-12-04T16:31:46","date_gmt":"2024-12-04T15:31:46","guid":{"rendered":"https:\/\/kafe-in.fr\/?page_id=476"},"modified":"2024-12-04T16:38:11","modified_gmt":"2024-12-04T15:38:11","slug":"collecte-de-dons","status":"publish","type":"page","link":"https:\/\/kafe-in.fr\/index.php\/collecte-de-dons\/","title":{"rendered":"Collecte de dons"},"content":{"rendered":"\n<p class=\"has-text-align-center has-large-font-size\"><br><strong>Faites de vos collectes de fonds un levier d\u2019impact durable<\/strong><\/p>\n\n\n\n<p class=\"has-text-align-center\" style=\"font-size:1.5rem\"><br>Chez Kaf\u00e9IN, nous transformons vos ambitions en campagnes percutantes et strat\u00e9giques. En ancrant chaque action dans votre raison d\u2019\u00eatre, nous cr\u00e9ons des collectes adapt\u00e9es \u00e0 vos objectifs, qu\u2019il s\u2019agisse de mobiliser le grand public ou de toucher des grands donateurs. Gr\u00e2ce \u00e0 une m\u00e9thode agile et mesurable, nous b\u00e2tissons des relations de confiance et p\u00e9rennes avec vos donateurs tout en explorant des axes diversifi\u00e9s, comme le legs, pour garantir la continuit\u00e9 de vos projets.<\/p>\n\n\n\n<p class=\"has-text-align-center\" style=\"font-size:1.5rem\">Ensemble, donnons vie \u00e0 vos id\u00e9es et maximisons leur impact.<\/p>\n\n\n\n\n\n<div style=\"height:52px\" aria-hidden=\"true\" class=\"wp-block-spacer\"><\/div>\n\n\n\n<h2 class=\"wp-block-heading\"><strong>Une strat\u00e9gie ancr\u00e9e dans votre raison d\u2019\u00eatre<\/strong><\/h2>\n\n\n\n<p>Votre projet m\u00e9rite une approche qui refl\u00e8te vos valeurs et votre mission. Nous commen\u00e7ons par d\u00e9finir ou affiner la raison d\u2019\u00eatre de votre collecte, pour construire une campagne qui inspire confiance et engagement aupr\u00e8s de vos donateurs.<\/p>\n\n\n\n<div style=\"height:52px\" aria-hidden=\"true\" class=\"wp-block-spacer\"><\/div>\n\n\n\n<h2 class=\"wp-block-heading\"><strong>Des objectifs calibr\u00e9s pour maximiser vos r\u00e9sultats<\/strong><\/h2>\n\n\n\n<p>Chaque campagne est pens\u00e9e pour atteindre des objectifs clairs, d\u00e9finis en fonction de vos besoins de financement. Qu\u2019il s\u2019agisse d\u2019une collecte grand public ou d\u2019une strat\u00e9gie d\u00e9di\u00e9e aux grands donateurs, nous adaptons nos actions pour optimiser l\u2019impact et le montant collect\u00e9.<\/p>\n\n\n\n<div style=\"height:52px\" aria-hidden=\"true\" class=\"wp-block-spacer\"><\/div>\n\n\n\n<h2 class=\"wp-block-heading\"><strong>Des m\u00e9thodologies adapt\u00e9es \u00e0 chaque cible<\/strong><\/h2>\n\n\n\n<p>Pour les grands donateurs, nous \u00e9laborons des strat\u00e9gies personnalis\u00e9es mettant en avant la valeur et l\u2019impact de votre projet. Pour le grand public, nous d\u00e9veloppons des campagnes accessibles et engageantes, utilisant des messages percutants et des canaux multicanaux pour maximiser la port\u00e9e.<\/p>\n\n\n\n<div style=\"height:52px\" aria-hidden=\"true\" class=\"wp-block-spacer\"><\/div>\n\n\n\n<h2 class=\"wp-block-heading\"><strong>Un lien de confiance et une relation durable<\/strong><\/h2>\n\n\n\n<p>La r\u00e9ussite d\u2019une collecte de fonds repose sur un lien fort et sinc\u00e8re avec vos donateurs. Nous vous aidons \u00e0 b\u00e2tir cette relation de confiance gr\u00e2ce \u00e0 une communication transparente, des messages qui valorisent l\u2019impact des contributions, et des actions de fid\u00e9lisation sur le long terme. Chaque donateur devient ainsi un v\u00e9ritable partenaire de votre mission.<\/p>\n\n\n\n<div style=\"height:52px\" aria-hidden=\"true\" class=\"wp-block-spacer\"><\/div>\n\n\n\n<h2 class=\"wp-block-heading\"><strong>Une strat\u00e9gie legs au service de votre vision<\/strong><\/h2>\n\n\n\n<p>Anticiper l\u2019avenir est essentiel pour p\u00e9renniser votre organisation. Notre approche en mati\u00e8re de strat\u00e9gie de legs repose sur la sensibilisation, la p\u00e9dagogie et la mise en valeur de votre mission aupr\u00e8s des donateurs. Nous d\u00e9veloppons des outils d\u00e9di\u00e9s pour accompagner vos publics dans cet engagement unique et assurer la continuit\u00e9 de vos projets dans le temps.<\/p>\n\n\n\n<div style=\"height:52px\" aria-hidden=\"true\" class=\"wp-block-spacer\"><\/div>\n\n\n\n<h2 class=\"wp-block-heading\"><strong>Une gestion agile et mesurable<\/strong><\/h2>\n\n\n\n<p>Notre m\u00e9thode repose sur une gestion agile et rigoureuse, avec un suivi constant des indicateurs cl\u00e9s de performance (KPI). Cette approche nous permet d\u2019\u00e9valuer les r\u00e9sultats en temps r\u00e9el et d\u2019ajuster nos actions pour garantir le succ\u00e8s de votre collecte.<\/p>\n\n\n\n<div style=\"height:52px\" aria-hidden=\"true\" class=\"wp-block-spacer\"><\/div>\n\n\n\n<h2 class=\"wp-block-heading\"><strong>Un accompagnement complet pour chaque \u00e9tape<\/strong><\/h2>\n\n\n\n<p>De la d\u00e9finition des objectifs au pilotage de la campagne, nous vous accompagnons \u00e0 chaque \u00e9tape avec des solutions sur-mesure. Ensemble, nous donnons \u00e0 vos projets les moyens de concr\u00e9tiser votre vision, en mobilisant des ressources durables et impactantes.<\/p>\n\n\n\n<p><\/p>\n","protected":false},"excerpt":{"rendered":"<p>Faites de vos collectes de fonds un levier d\u2019impact durable Chez Kaf\u00e9IN, nous transformons vos ambitions en campagnes percutantes et strat\u00e9giques. En ancrant chaque action dans votre raison d\u2019\u00eatre, nous cr\u00e9ons des collectes adapt\u00e9es \u00e0 vos objectifs, qu\u2019il s\u2019agisse de mobiliser le grand public ou de toucher des grands donateurs. Gr\u00e2ce \u00e0 une m\u00e9thode agile [&hellip;]<\/p>\n","protected":false},"author":1,"featured_media":0,"parent":0,"menu_order":0,"comment_status":"closed","ping_status":"closed","template":"","meta":{"inline_featured_image":false,"footnotes":""},"class_list":["post-476","page","type-page","status-publish","hentry"],"yoast_head":"<!-- This site is optimized with the Yoast SEO plugin v27.5 - https:\/\/yoast.com\/product\/yoast-seo-wordpress\/ -->\n<title>Collecte de dons -<\/title>\n<meta name=\"robots\" content=\"index, follow, max-snippet:-1, max-image-preview:large, max-video-preview:-1\" \/>\n<link rel=\"canonical\" href=\"https:\/\/kafe-in.fr\/index.php\/collecte-de-dons\/\" \/>\n<meta property=\"og:locale\" content=\"fr_FR\" \/>\n<meta property=\"og:type\" content=\"article\" \/>\n<meta property=\"og:title\" content=\"Collecte de dons -\" \/>\n<meta property=\"og:description\" content=\"Faites de vos collectes de fonds un levier d\u2019impact durable Chez Kaf\u00e9IN, nous transformons vos ambitions en campagnes percutantes et strat\u00e9giques. En ancrant chaque action dans votre raison d\u2019\u00eatre, nous cr\u00e9ons des collectes adapt\u00e9es \u00e0 vos objectifs, qu\u2019il s\u2019agisse de mobiliser le grand public ou de toucher des grands donateurs. Gr\u00e2ce \u00e0 une m\u00e9thode agile [&hellip;]\" \/>\n<meta property=\"og:url\" content=\"https:\/\/kafe-in.fr\/index.php\/collecte-de-dons\/\" \/>\n<meta property=\"article:publisher\" content=\"https:\/\/www.facebook.com\/KafeINCommunication\" \/>\n<meta property=\"article:modified_time\" content=\"2024-12-04T15:38:11+00:00\" \/>\n<meta name=\"twitter:card\" content=\"summary_large_image\" \/>\n<meta name=\"twitter:label1\" content=\"Dur\u00e9e de lecture estim\u00e9e\" \/>\n\t<meta name=\"twitter:data1\" content=\"3 minutes\" \/>\n<script type=\"application\/ld+json\" class=\"yoast-schema-graph\">{\"@context\":\"https:\\\/\\\/schema.org\",\"@graph\":[{\"@type\":\"WebPage\",\"@id\":\"https:\\\/\\\/kafe-in.fr\\\/index.php\\\/collecte-de-dons\\\/\",\"url\":\"https:\\\/\\\/kafe-in.fr\\\/index.php\\\/collecte-de-dons\\\/\",\"name\":\"Collecte de dons -\",\"isPartOf\":{\"@id\":\"https:\\\/\\\/kafe-in.fr\\\/#website\"},\"datePublished\":\"2024-12-04T15:31:46+00:00\",\"dateModified\":\"2024-12-04T15:38:11+00:00\",\"breadcrumb\":{\"@id\":\"https:\\\/\\\/kafe-in.fr\\\/index.php\\\/collecte-de-dons\\\/#breadcrumb\"},\"inLanguage\":\"fr-FR\",\"potentialAction\":[{\"@type\":\"ReadAction\",\"target\":[\"https:\\\/\\\/kafe-in.fr\\\/index.php\\\/collecte-de-dons\\\/\"]}]},{\"@type\":\"BreadcrumbList\",\"@id\":\"https:\\\/\\\/kafe-in.fr\\\/index.php\\\/collecte-de-dons\\\/#breadcrumb\",\"itemListElement\":[{\"@type\":\"ListItem\",\"position\":1,\"name\":\"Accueil\",\"item\":\"https:\\\/\\\/kafe-in.fr\\\/\"},{\"@type\":\"ListItem\",\"position\":2,\"name\":\"Collecte de dons\"}]},{\"@type\":\"WebSite\",\"@id\":\"https:\\\/\\\/kafe-in.fr\\\/#website\",\"url\":\"https:\\\/\\\/kafe-in.fr\\\/\",\"name\":\"Kaf\u00e9IN l'agence qui vous aime\",\"description\":\"L&#039;agence inspir\u00e9e qui vous aime\",\"publisher\":{\"@id\":\"https:\\\/\\\/kafe-in.fr\\\/#organization\"},\"potentialAction\":[{\"@type\":\"SearchAction\",\"target\":{\"@type\":\"EntryPoint\",\"urlTemplate\":\"https:\\\/\\\/kafe-in.fr\\\/?s={search_term_string}\"},\"query-input\":{\"@type\":\"PropertyValueSpecification\",\"valueRequired\":true,\"valueName\":\"search_term_string\"}}],\"inLanguage\":\"fr-FR\"},{\"@type\":\"Organization\",\"@id\":\"https:\\\/\\\/kafe-in.fr\\\/#organization\",\"name\":\"Kaf\u00e9IN Conseil et strat\u00e9gie\",\"url\":\"https:\\\/\\\/kafe-in.fr\\\/\",\"logo\":{\"@type\":\"ImageObject\",\"inLanguage\":\"fr-FR\",\"@id\":\"https:\\\/\\\/kafe-in.fr\\\/#\\\/schema\\\/logo\\\/image\\\/\",\"url\":\"https:\\\/\\\/kafe-in.fr\\\/wp-content\\\/uploads\\\/2024\\\/07\\\/Logo-03-22.png\",\"contentUrl\":\"https:\\\/\\\/kafe-in.fr\\\/wp-content\\\/uploads\\\/2024\\\/07\\\/Logo-03-22.png\",\"width\":1156,\"height\":407,\"caption\":\"Kaf\u00e9IN Conseil et strat\u00e9gie\"},\"image\":{\"@id\":\"https:\\\/\\\/kafe-in.fr\\\/#\\\/schema\\\/logo\\\/image\\\/\"},\"sameAs\":[\"https:\\\/\\\/www.facebook.com\\\/KafeINCommunication\",\"https:\\\/\\\/www.linkedin.com\\\/company\\\/kafin-communication\\\/?viewAsMember=true\"]}]}<\/script>\n<!-- \/ Yoast SEO plugin. -->","yoast_head_json":{"title":"Collecte de dons -","robots":{"index":"index","follow":"follow","max-snippet":"max-snippet:-1","max-image-preview":"max-image-preview:large","max-video-preview":"max-video-preview:-1"},"canonical":"https:\/\/kafe-in.fr\/index.php\/collecte-de-dons\/","og_locale":"fr_FR","og_type":"article","og_title":"Collecte de dons -","og_description":"Faites de vos collectes de fonds un levier d\u2019impact durable Chez Kaf\u00e9IN, nous transformons vos ambitions en campagnes percutantes et strat\u00e9giques. En ancrant chaque action dans votre raison d\u2019\u00eatre, nous cr\u00e9ons des collectes adapt\u00e9es \u00e0 vos objectifs, qu\u2019il s\u2019agisse de mobiliser le grand public ou de toucher des grands donateurs. Gr\u00e2ce \u00e0 une m\u00e9thode agile [&hellip;]","og_url":"https:\/\/kafe-in.fr\/index.php\/collecte-de-dons\/","article_publisher":"https:\/\/www.facebook.com\/KafeINCommunication","article_modified_time":"2024-12-04T15:38:11+00:00","twitter_card":"summary_large_image","twitter_misc":{"Dur\u00e9e de lecture estim\u00e9e":"3 minutes"},"schema":{"@context":"https:\/\/schema.org","@graph":[{"@type":"WebPage","@id":"https:\/\/kafe-in.fr\/index.php\/collecte-de-dons\/","url":"https:\/\/kafe-in.fr\/index.php\/collecte-de-dons\/","name":"Collecte de dons -","isPartOf":{"@id":"https:\/\/kafe-in.fr\/#website"},"datePublished":"2024-12-04T15:31:46+00:00","dateModified":"2024-12-04T15:38:11+00:00","breadcrumb":{"@id":"https:\/\/kafe-in.fr\/index.php\/collecte-de-dons\/#breadcrumb"},"inLanguage":"fr-FR","potentialAction":[{"@type":"ReadAction","target":["https:\/\/kafe-in.fr\/index.php\/collecte-de-dons\/"]}]},{"@type":"BreadcrumbList","@id":"https:\/\/kafe-in.fr\/index.php\/collecte-de-dons\/#breadcrumb","itemListElement":[{"@type":"ListItem","position":1,"name":"Accueil","item":"https:\/\/kafe-in.fr\/"},{"@type":"ListItem","position":2,"name":"Collecte de dons"}]},{"@type":"WebSite","@id":"https:\/\/kafe-in.fr\/#website","url":"https:\/\/kafe-in.fr\/","name":"Kaf\u00e9IN l'agence qui vous aime","description":"L&#039;agence inspir\u00e9e qui vous aime","publisher":{"@id":"https:\/\/kafe-in.fr\/#organization"},"potentialAction":[{"@type":"SearchAction","target":{"@type":"EntryPoint","urlTemplate":"https:\/\/kafe-in.fr\/?s={search_term_string}"},"query-input":{"@type":"PropertyValueSpecification","valueRequired":true,"valueName":"search_term_string"}}],"inLanguage":"fr-FR"},{"@type":"Organization","@id":"https:\/\/kafe-in.fr\/#organization","name":"Kaf\u00e9IN Conseil et strat\u00e9gie","url":"https:\/\/kafe-in.fr\/","logo":{"@type":"ImageObject","inLanguage":"fr-FR","@id":"https:\/\/kafe-in.fr\/#\/schema\/logo\/image\/","url":"https:\/\/kafe-in.fr\/wp-content\/uploads\/2024\/07\/Logo-03-22.png","contentUrl":"https:\/\/kafe-in.fr\/wp-content\/uploads\/2024\/07\/Logo-03-22.png","width":1156,"height":407,"caption":"Kaf\u00e9IN Conseil et strat\u00e9gie"},"image":{"@id":"https:\/\/kafe-in.fr\/#\/schema\/logo\/image\/"},"sameAs":["https:\/\/www.facebook.com\/KafeINCommunication","https:\/\/www.linkedin.com\/company\/kafin-communication\/?viewAsMember=true"]}]}},"_links":{"self":[{"href":"https:\/\/kafe-in.fr\/index.php\/wp-json\/wp\/v2\/pages\/476","targetHints":{"allow":["GET"]}}],"collection":[{"href":"https:\/\/kafe-in.fr\/index.php\/wp-json\/wp\/v2\/pages"}],"about":[{"href":"https:\/\/kafe-in.fr\/index.php\/wp-json\/wp\/v2\/types\/page"}],"author":[{"embeddable":true,"href":"https:\/\/kafe-in.fr\/index.php\/wp-json\/wp\/v2\/users\/1"}],"replies":[{"embeddable":true,"href":"https:\/\/kafe-in.fr\/index.php\/wp-json\/wp\/v2\/comments?post=476"}],"version-history":[{"count":4,"href":"https:\/\/kafe-in.fr\/index.php\/wp-json\/wp\/v2\/pages\/476\/revisions"}],"predecessor-version":[{"id":483,"href":"https:\/\/kafe-in.fr\/index.php\/wp-json\/wp\/v2\/pages\/476\/revisions\/483"}],"wp:attachment":[{"href":"https:\/\/kafe-in.fr\/index.php\/wp-json\/wp\/v2\/media?parent=476"}],"curies":[{"name":"wp","href":"https:\/\/api.w.org\/{rel}","templated":true}]}}